{"id":2780,"date":"2016-07-15T14:19:28","date_gmt":"2016-07-15T14:19:28","guid":{"rendered":"https:\/\/www.toometikliinik.ee\/teenused\/"},"modified":"2019-12-03T10:33:34","modified_gmt":"2019-12-03T08:33:34","slug":"palvelut","status":"publish","type":"page","link":"https:\/\/www.toometikliinik.ee\/fi\/palvelut\/","title":{"rendered":"Palvelut"},"content":{"rendered":"<div class=\"flex_column av_one_full  flex_column_div av-zero-column-padding first  \" style='border-radius:0px; '><section class=\"av_textblock_section \"  itemscope=\"itemscope\" itemtype=\"https:\/\/schema.org\/CreativeWork\" ><div class='avia_textblock  '   itemprop=\"text\" ><h1 style=\"text-align: center;\"><strong>Palvelut<\/strong><\/h1>\n<\/div><\/section><\/div><\/div><\/div><\/div><!-- close content main div --><\/div><\/div><div id='av_section_1' class='avia-section main_color avia-section-huge avia-no-border-styling avia-bg-style-scroll   container_wrap fullsize'   ><div class='container' ><div class='template-page content  av-content-full alpha units'><div class='post-entry post-entry-type-page post-entry-2780'><div class='entry-content-wrapper clearfix'>\n<div class='flex_column_table av-equal-height-column-flextable -flextable' style='margin-top:-100px; margin-bottom:0px; '><div class=\"flex_column av_one_half  no_margin flex_column_table_cell av-equal-height-column av-align-middle first  \" style='background-image:url(https:\/\/www.toometikliinik.ee\/wp-content\/uploads\/2018\/11\/koer.jpg); background-position:center center; background-repeat:no-repeat; padding:240px 40px 240px 40px ; background-color:#379cd6; border-radius:0px; '><div class='avia-button-wrap avia-button-center '><a href='https:\/\/www.toometikliinik.ee\/fi\/palvelut\/koira\/' class='avia-button   avia-icon_select-no avia-color-theme-color avia-size-x-large avia-position-center '   ><span class='avia_iconbox_title' >Koira<\/span><\/a><\/div><\/div><\/div><!--close column table wrapper. Autoclose: 1 --><div class='flex_column_table av-equal-height-column-flextable -flextable' style='margin-top:-100px; margin-bottom:0px; '><div class=\"flex_column av_one_half  no_margin flex_column_table_cell av-equal-height-column av-align-middle   \" style='background-image:url(https:\/\/www.toometikliinik.ee\/wp-content\/uploads\/2018\/11\/kass.jpg); background-position:center center; background-repeat:no-repeat; padding:40px; background-color:#5fb4e4; border-radius:0px; '><div class='avia-button-wrap avia-button-center '><a href='https:\/\/www.toometikliinik.ee\/fi\/palvelut\/kissa\/' class='avia-button   avia-icon_select-no avia-color-theme-color avia-size-x-large avia-position-center '   ><span class='avia_iconbox_title' >Kissa<\/span><\/a><\/div><\/div><\/div><!--close column table wrapper. Autoclose: 1 --><\/p>\n","protected":false},"excerpt":{"rendered":"","protected":false},"author":2,"featured_media":0,"parent":0,"menu_order":0,"comment_status":"closed","ping_status":"closed","template":"","meta":{"footnotes":""},"class_list":["post-2780","page","type-page","status-publish","hentry"],"yoast_head":"<!-- This site is optimized with the Yoast SEO plugin v26.0 - https:\/\/yoast.com\/wordpress\/plugins\/seo\/ -->\n<title>Palvelut - Tiina Toometin el\u00e4inklinikka<\/title>\n<meta name=\"robots\" content=\"index, follow, max-snippet:-1, max-image-preview:large, max-video-preview:-1\" \/>\n<link rel=\"canonical\" href=\"https:\/\/www.toometikliinik.ee\/teenused\/\" \/>\n<meta property=\"og:locale\" content=\"fi_FI\" \/>\n<meta property=\"og:type\" content=\"article\" \/>\n<meta property=\"og:title\" content=\"Palvelut - Tiina Toometin el\u00e4inklinikka\" \/>\n<meta property=\"og:url\" content=\"https:\/\/www.toometikliinik.ee\/teenused\/\" \/>\n<meta property=\"og:site_name\" content=\"Tiina Toometin el\u00e4inklinikka\" \/>\n<meta property=\"article:modified_time\" content=\"2019-12-03T08:33:34+00:00\" \/>\n<meta name=\"twitter:card\" content=\"summary_large_image\" \/>\n<meta name=\"twitter:label1\" content=\"Arvioitu lukuaika\" \/>\n\t<meta name=\"twitter:data1\" content=\"2 minuuttia\" \/>\n<script type=\"application\/ld+json\" class=\"yoast-schema-graph\">{\"@context\":\"https:\/\/schema.org\",\"@graph\":[{\"@type\":\"WebPage\",\"@id\":\"https:\/\/www.toometikliinik.ee\/teenused\/\",\"url\":\"https:\/\/www.toometikliinik.ee\/teenused\/\",\"name\":\"Palvelut - Tiina Toometin el\u00e4inklinikka\",\"isPartOf\":{\"@id\":\"https:\/\/www.toometikliinik.ee\/#website\"},\"datePublished\":\"2016-07-15T14:19:28+00:00\",\"dateModified\":\"2019-12-03T08:33:34+00:00\",\"breadcrumb\":{\"@id\":\"https:\/\/www.toometikliinik.ee\/teenused\/#breadcrumb\"},\"inLanguage\":\"fi\",\"potentialAction\":[{\"@type\":\"ReadAction\",\"target\":[\"https:\/\/www.toometikliinik.ee\/teenused\/\"]}]},{\"@type\":\"BreadcrumbList\",\"@id\":\"https:\/\/www.toometikliinik.ee\/teenused\/#breadcrumb\",\"itemListElement\":[{\"@type\":\"ListItem\",\"position\":1,\"name\":\"Home\",\"item\":\"https:\/\/www.toometikliinik.ee\/fi\/\"},{\"@type\":\"ListItem\",\"position\":2,\"name\":\"Palvelut\"}]},{\"@type\":\"WebSite\",\"@id\":\"https:\/\/www.toometikliinik.ee\/#website\",\"url\":\"https:\/\/www.toometikliinik.ee\/\",\"name\":\"Tiina Toometin el\u00e4inklinikka\",\"description\":\"Kuonosta h\u00e4nn\u00e4np\u00e4\u00e4h\u00e4n\u2026\",\"potentialAction\":[{\"@type\":\"SearchAction\",\"target\":{\"@type\":\"EntryPoint\",\"urlTemplate\":\"https:\/\/www.toometikliinik.ee\/?s={search_term_string}\"},\"query-input\":{\"@type\":\"PropertyValueSpecification\",\"valueRequired\":true,\"valueName\":\"search_term_string\"}}],\"inLanguage\":\"fi\"}]}<\/script>\n<!-- \/ Yoast SEO plugin. -->","yoast_head_json":{"title":"Palvelut - Tiina Toometin el\u00e4inklinikka","robots":{"index":"index","follow":"follow","max-snippet":"max-snippet:-1","max-image-preview":"max-image-preview:large","max-video-preview":"max-video-preview:-1"},"canonical":"https:\/\/www.toometikliinik.ee\/teenused\/","og_locale":"fi_FI","og_type":"article","og_title":"Palvelut - Tiina Toometin el\u00e4inklinikka","og_url":"https:\/\/www.toometikliinik.ee\/teenused\/","og_site_name":"Tiina Toometin el\u00e4inklinikka","article_modified_time":"2019-12-03T08:33:34+00:00","twitter_card":"summary_large_image","twitter_misc":{"Arvioitu lukuaika":"2 minuuttia"},"schema":{"@context":"https:\/\/schema.org","@graph":[{"@type":"WebPage","@id":"https:\/\/www.toometikliinik.ee\/teenused\/","url":"https:\/\/www.toometikliinik.ee\/teenused\/","name":"Palvelut - Tiina Toometin el\u00e4inklinikka","isPartOf":{"@id":"https:\/\/www.toometikliinik.ee\/#website"},"datePublished":"2016-07-15T14:19:28+00:00","dateModified":"2019-12-03T08:33:34+00:00","breadcrumb":{"@id":"https:\/\/www.toometikliinik.ee\/teenused\/#breadcrumb"},"inLanguage":"fi","potentialAction":[{"@type":"ReadAction","target":["https:\/\/www.toometikliinik.ee\/teenused\/"]}]},{"@type":"BreadcrumbList","@id":"https:\/\/www.toometikliinik.ee\/teenused\/#breadcrumb","itemListElement":[{"@type":"ListItem","position":1,"name":"Home","item":"https:\/\/www.toometikliinik.ee\/fi\/"},{"@type":"ListItem","position":2,"name":"Palvelut"}]},{"@type":"WebSite","@id":"https:\/\/www.toometikliinik.ee\/#website","url":"https:\/\/www.toometikliinik.ee\/","name":"Tiina Toometin el\u00e4inklinikka","description":"Kuonosta h\u00e4nn\u00e4np\u00e4\u00e4h\u00e4n\u2026","potentialAction":[{"@type":"SearchAction","target":{"@type":"EntryPoint","urlTemplate":"https:\/\/www.toometikliinik.ee\/?s={search_term_string}"},"query-input":{"@type":"PropertyValueSpecification","valueRequired":true,"valueName":"search_term_string"}}],"inLanguage":"fi"}]}},"_links":{"self":[{"href":"https:\/\/www.toometikliinik.ee\/fi\/wp-json\/wp\/v2\/pages\/2780","targetHints":{"allow":["GET"]}}],"collection":[{"href":"https:\/\/www.toometikliinik.ee\/fi\/wp-json\/wp\/v2\/pages"}],"about":[{"href":"https:\/\/www.toometikliinik.ee\/fi\/wp-json\/wp\/v2\/types\/page"}],"author":[{"embeddable":true,"href":"https:\/\/www.toometikliinik.ee\/fi\/wp-json\/wp\/v2\/users\/2"}],"replies":[{"embeddable":true,"href":"https:\/\/www.toometikliinik.ee\/fi\/wp-json\/wp\/v2\/comments?post=2780"}],"version-history":[{"count":3,"href":"https:\/\/www.toometikliinik.ee\/fi\/wp-json\/wp\/v2\/pages\/2780\/revisions"}],"predecessor-version":[{"id":2783,"href":"https:\/\/www.toometikliinik.ee\/fi\/wp-json\/wp\/v2\/pages\/2780\/revisions\/2783"}],"wp:attachment":[{"href":"https:\/\/www.toometikliinik.ee\/fi\/wp-json\/wp\/v2\/media?parent=2780"}],"curies":[{"name":"wp","href":"https:\/\/api.w.org\/{rel}","templated":true}]}}