{"id":2773,"date":"2016-07-15T14:20:10","date_gmt":"2016-07-15T14:20:10","guid":{"rendered":"https:\/\/www.toometikliinik.ee\/kliinik\/"},"modified":"2020-01-16T14:23:32","modified_gmt":"2020-01-16T12:23:32","slug":"klinikka","status":"publish","type":"page","link":"https:\/\/www.toometikliinik.ee\/fi\/klinikka\/","title":{"rendered":"Klinikka"},"content":{"rendered":"<\/div><\/div><\/div><!-- close content main div --><\/div><\/div><div id='av-layout-grid-1' class='av-layout-grid-container entry-content-wrapper main_color av-flex-cells    container_wrap fullsize'   >\n<div class=\"flex_cell no_margin av_one_half   avia-full-stretch av-zero-padding \" style='height:500px; min-height:500px;background-image:url(https:\/\/www.toometikliinik.ee\/wp-content\/uploads\/2018\/07\/unspecified-6.jpeg); background-position:top left; background-repeat:no-repeat; background-attachment:scroll; vertical-align:middle; padding:0px; background-color:#22689e; '><div class='flex_cell_inner' ><\/div><\/div><div class=\"flex_cell no_margin av_one_half   \" style='height:500px; min-height:500px;vertical-align:middle; padding:80px; background-color:#6b8abc; '><div class='flex_cell_inner' ><p><div style='padding-bottom:25px;color:#ffffff;font-size:34px;' class='av-special-heading av-special-heading-h1 custom-color-heading blockquote modern-quote  av-inherit-size '><h1 class='av-special-heading-tag '  itemprop=\"headline\"  >Klinikka<\/h1><div class='special-heading-border'><div class='special-heading-inner-border' style='border-color:#ffffff'><\/div><\/div><\/div><br \/>\n<section class=\"av_textblock_section \"  itemscope=\"itemscope\" itemtype=\"https:\/\/schema.org\/CreativeWork\" ><div class='avia_textblock  av_inherit_color '  style='color:#ffffff; '  itemprop=\"text\" ><p>Tiina Toometi Kliinik, joka on Viron ensimm\u00e4isi\u00e4 yksityisi\u00e4 el\u00e4inklinikoita, on perustettu vuonna 1991. Ensimm\u00e4inen vastaanotto tapahtui kuitenkin vasta 29. tammikuuta 1992. Nyky\u00e4\u00e4n sijaitsemme nelj\u00e4nsiss\u00e4 toimitiloissa, joissa vihdoin tuntuu olevan riitt\u00e4v\u00e4sti tilaa.<\/p>\n<p>Odotustila, joka toimii my\u00f6s myym\u00e4l\u00e4n\u00e4, on riitt\u00e4v\u00e4n suuri ja eristetty varmistaen rauhallisen odotusajan sek\u00e4 koirille ett\u00e4 kissoille, jos sit\u00e4 ylip\u00e4\u00e4t\u00e4\u00e4n tarvitaan: ajanvarausten avulla pyrimme v\u00e4ltt\u00e4m\u00e4\u00e4n pitki\u00e4 odotusaikoja.<\/p>\n<\/div><\/section><\/p>\n<\/div><\/div>\n<\/div>\n<\/div><\/div><\/div><!-- close content main div --><\/div><\/div><div id='av_section_1' class='avia-section main_color avia-section-huge avia-no-border-styling avia-bg-style-scroll   container_wrap fullsize'   ><div class='container' ><div class='template-page content  av-content-full alpha units'><div class='post-entry post-entry-type-page post-entry-2773'><div class='entry-content-wrapper clearfix'>\n<div class=\"flex_column av_one_fifth  av-animated-generic bottom-to-top  flex_column_div av-zero-column-padding first  \" style='border-radius:0px; '><\/div><div class=\"flex_column av_three_fifth  av-animated-generic bottom-to-top  flex_column_div av-zero-column-padding   \" style='border-radius:0px; '><p><div style='padding-bottom:20px;font-size:34px;' class='av-special-heading av-special-heading-h3  blockquote modern-quote modern-centered   av-inherit-size '><h3 class='av-special-heading-tag '  itemprop=\"headline\"  >Mit\u00e4 teemme?<\/h3><div class='special-heading-border'><div class='special-heading-inner-border' ><\/div><\/div><\/div><br \/>\n<section class=\"av_textblock_section \"  itemscope=\"itemscope\" itemtype=\"https:\/\/schema.org\/CreativeWork\" ><div class='avia_textblock  '   itemprop=\"text\" ><p style=\"text-align: center;\">Autamme lemmikkiel\u00e4int\u00e4si pysym\u00e4\u00e4n terveen\u00e4. Siksi harjoitamme tautien ennaltaehk\u00e4isy\u00e4 (rokotukset, loisten torjunta, neuvonta tasapainotetusta ruokinnasta, perinn\u00f6llisten sairauksien tutkimukset jne.) ja myymme lis\u00e4ravinteita ja eri hoitotarvikkeita, joitakin leluja sek\u00e4 koiran- ja kissanruokaa (l\u00e4hinn\u00e4 dieettiruokaa).<\/p>\n<p style=\"text-align: center;\">Lemmikkiel\u00e4imen sairastuttua nelijalkaisia potilaita hoitavat klinikallamme sis\u00e4tautil\u00e4\u00e4k\u00e4rien ja kirurgin lis\u00e4ksi silm\u00e4l\u00e4\u00e4k\u00e4ri \u00dclle Kell, ihotautil\u00e4\u00e4k\u00e4rit Tiina Toomet ja Inessa Zaitseva. Tohtori Angela Tiivel on erikoistumassa syd\u00e4ntauteihin ja hematologiaan. Lis\u00e4ksi tohtori Merit Villemson-Kavak, syd\u00e4men ja hengityselimist\u00f6n sairauksien asiantuntija, k\u00e4y klinikallamme konsultoimassa v\u00e4hint\u00e4\u00e4n kerran kuukaudessa.<\/p>\n<\/div><\/section><\/p><\/div><div class=\"flex_column av_one_fifth  av-animated-generic bottom-to-top  flex_column_div av-zero-column-padding   \" style='border-radius:0px; '><\/div><\/div><\/div><\/div><!-- close content main div --><\/div><\/div><div id='av-layout-grid-2' class='av-layout-grid-container entry-content-wrapper main_color av-flex-cells    container_wrap fullsize'   >\n<div class=\"flex_cell no_margin av_one_half   avia-full-stretch av-zero-padding \" style='height:500px; min-height:500px;background-image:url(https:\/\/www.toometikliinik.ee\/wp-content\/uploads\/2019\/01\/stereo.jpg); background-position:center center; background-repeat:no-repeat; background-attachment:scroll; vertical-align:middle; padding:0px; background-color:#22689e; '><div class='flex_cell_inner' ><\/div><\/div><div class=\"flex_cell no_margin av_one_half   \" style='height:500px; min-height:500px;vertical-align:middle; padding:80px; background-color:#2a58a3; '><div class='flex_cell_inner' ><p><div style='padding-bottom:25px;color:#ffffff;font-size:34px;' class='av-special-heading av-special-heading-h3 custom-color-heading blockquote modern-quote  av-inherit-size '><h3 class='av-special-heading-tag '  itemprop=\"headline\"  >Hoito<\/h3><div class='special-heading-border'><div class='special-heading-inner-border' style='border-color:#ffffff'><\/div><\/div><\/div><br \/>\n<section class=\"av_textblock_section \"  itemscope=\"itemscope\" itemtype=\"https:\/\/schema.org\/CreativeWork\" ><div class='avia_textblock  av_inherit_color '  style='color:#ffffff; '  itemprop=\"text\" ><p>Tehokas hoito edellytt\u00e4\u00e4 kunnon diagnostiikkaa. Verin\u00e4ytteiden yleiseen ja biokemialliseen analysointiin tarkoitetut laitteet sek\u00e4 r\u00f6ntgen- ja ultra\u00e4\u00e4nilaitteet mahdollistavat sen, ett\u00e4 taudin syy pystyt\u00e4\u00e4n selvitt\u00e4m\u00e4\u00e4n entist\u00e4 nopeammin ja tarkemmin, ja siten el\u00e4int\u00e4 pystyt\u00e4\u00e4n my\u00f6s hoitamaan paremmin. Virtsan\u00e4ytteit\u00e4, verikokeita, ihon kaavintan\u00e4ytteit\u00e4, ihon ja korvan sytologiaa\u2026 t\u00e4m\u00e4 kaikki on pienen laboratoriomme p\u00e4ivitt\u00e4ist\u00e4 ty\u00f6t\u00e4. Jos tarvitsemme mutkikkaampia laboratoriotutkimuksia, teemme yhteisty\u00f6t\u00e4 useiden laboratorioiden kanssa, kuten Synlab (Viro), Patovet ja Vetlab (Suomi), Laboklin (Saksa), Alk-Abello (Alankomaat) ja FOCUS (Yhdistynyt kuningaskunta).<\/p>\n<\/div><\/section><\/p>\n<\/div><\/div>\n<\/div><\/p>\n<\/div><\/div><\/div><!-- close content main div --><\/div><\/div><div id='av-layout-grid-3' class='av-layout-grid-container entry-content-wrapper main_color av-flex-cells    container_wrap fullsize'   >\n<div class=\"flex_cell no_margin av_one_half   \" style='height:500px; min-height:500px;vertical-align:middle; padding:80px; '><div class='flex_cell_inner' ><p><div style='padding-bottom:25px;font-size:34px;' class='av-special-heading av-special-heading-h3  blockquote modern-quote  av-inherit-size '><h3 class='av-special-heading-tag '  itemprop=\"headline\"  >Leikkaukset<\/h3><div class='special-heading-border'><div class='special-heading-inner-border' ><\/div><\/div><\/div><br \/>\n<section class=\"av_textblock_section \"  itemscope=\"itemscope\" itemtype=\"https:\/\/schema.org\/CreativeWork\" ><div class='avia_textblock  '   itemprop=\"text\" ><p>Leikkaukset suoritetaan muusta klinikasta eristetyll\u00e4 osastolla, johon steriiliyden takaamiseksi p\u00e4\u00e4see vain kirurgi avustajineen. Yleens\u00e4 k\u00e4yt\u00e4mme hengitysanestesiaa ja potilaan kunnon seurantaan tarkoitettuja erikoisn\u00e4ytt\u00f6j\u00e4. Leikkaussalissa on nykyaikainen sisustus, ja kirurgilla on leikkauksen aikana aina yksi tai kaksi avustajaa, jotka seuraavat lemmikkisi terveydentilaa.<\/p>\n<p>Leikkauksen j\u00e4lkeiset tunnit potilas viett\u00e4\u00e4 h\u00e4kiss\u00e4 avustajien valvonnassa. Kotiutamme vain hereill\u00e4 olevan el\u00e4imen, jonka tila on stabiili.<\/p>\n<p>H\u00e4kkej\u00e4 on my\u00f6s \u201dp\u00e4iv\u00e4sairaalan\u201d potilaille, joiden tulee olla jatkuvassa seurannassa tai joille suoritetaan p\u00e4iv\u00e4n aikana useita diagnostisia tai hoitotoimenpiteit\u00e4.<\/p>\n<p>Klinikalla on ollut onni saada henkil\u00f6kuntaansa m\u00e4\u00e4r\u00e4tietoisia el\u00e4inten yst\u00e4vi\u00e4, jotka nauttivat ty\u00f6st\u00e4\u00e4n. Jokainen on l\u00f6yt\u00e4nyt mieleisens\u00e4 alan, jolla pyrkii kehitt\u00e4m\u00e4\u00e4n tiet\u00e4myst\u00e4\u00e4n, eik\u00e4 pelk\u00e4\u00e4 my\u00f6sk\u00e4\u00e4n pitki\u00e4 ja vaativia koulutusmatkoja.<\/p>\n<p>Aivan erityinen aarre ovat klinikkamme ahkerat avustajat, jotka ovat kouluttautuneet tavallisista \u201dkoiraihmisist\u00e4\u201d arvostetuiksi ammattilaisiksi, joita ilman l\u00e4\u00e4k\u00e4rit eiv\u00e4t voisi kuvitellakaan tekev\u00e4ns\u00e4 ty\u00f6t\u00e4\u00e4n.<\/p>\n<\/div><\/section><\/p>\n<\/div><\/div><div class=\"flex_cell no_margin av_one_half   avia-full-stretch av-zero-padding \" style='height:500px; min-height:500px;background-image:url(https:\/\/www.toometikliinik.ee\/wp-content\/uploads\/2019\/01\/operatsioon.jpg); background-position:bottom center; background-repeat:no-repeat; background-attachment:scroll; vertical-align:middle; padding:0px; background-color:#22689e; '><div class='flex_cell_inner' ><\/div><\/div>\n<\/div>\n","protected":false},"excerpt":{"rendered":"","protected":false},"author":2,"featured_media":0,"parent":0,"menu_order":0,"comment_status":"closed","ping_status":"closed","template":"","meta":{"footnotes":""},"class_list":["post-2773","page","type-page","status-publish","hentry"],"yoast_head":"<!-- This site is optimized with the Yoast SEO plugin v26.0 - https:\/\/yoast.com\/wordpress\/plugins\/seo\/ -->\n<title>Klinikka - Tiina Toometin el\u00e4inklinikka<\/title>\n<meta name=\"robots\" content=\"index, follow, max-snippet:-1, max-image-preview:large, max-video-preview:-1\" \/>\n<link rel=\"canonical\" href=\"https:\/\/www.toometikliinik.ee\/fi\/klinikka\/\" \/>\n<meta property=\"og:locale\" content=\"fi_FI\" \/>\n<meta property=\"og:type\" content=\"article\" \/>\n<meta property=\"og:title\" content=\"Klinikka - Tiina Toometin el\u00e4inklinikka\" \/>\n<meta property=\"og:url\" content=\"https:\/\/www.toometikliinik.ee\/fi\/klinikka\/\" \/>\n<meta property=\"og:site_name\" content=\"Tiina Toometin el\u00e4inklinikka\" \/>\n<meta property=\"article:modified_time\" content=\"2020-01-16T12:23:32+00:00\" \/>\n<meta name=\"twitter:card\" content=\"summary_large_image\" \/>\n<meta name=\"twitter:label1\" content=\"Arvioitu lukuaika\" \/>\n\t<meta name=\"twitter:data1\" content=\"6 minuuttia\" \/>\n<script type=\"application\/ld+json\" class=\"yoast-schema-graph\">{\"@context\":\"https:\/\/schema.org\",\"@graph\":[{\"@type\":\"WebPage\",\"@id\":\"https:\/\/www.toometikliinik.ee\/fi\/klinikka\/\",\"url\":\"https:\/\/www.toometikliinik.ee\/fi\/klinikka\/\",\"name\":\"Klinikka - Tiina Toometin el\u00e4inklinikka\",\"isPartOf\":{\"@id\":\"https:\/\/www.toometikliinik.ee\/#website\"},\"datePublished\":\"2016-07-15T14:20:10+00:00\",\"dateModified\":\"2020-01-16T12:23:32+00:00\",\"breadcrumb\":{\"@id\":\"https:\/\/www.toometikliinik.ee\/fi\/klinikka\/#breadcrumb\"},\"inLanguage\":\"fi\",\"potentialAction\":[{\"@type\":\"ReadAction\",\"target\":[\"https:\/\/www.toometikliinik.ee\/fi\/klinikka\/\"]}]},{\"@type\":\"BreadcrumbList\",\"@id\":\"https:\/\/www.toometikliinik.ee\/fi\/klinikka\/#breadcrumb\",\"itemListElement\":[{\"@type\":\"ListItem\",\"position\":1,\"name\":\"Home\",\"item\":\"https:\/\/www.toometikliinik.ee\/fi\/\"},{\"@type\":\"ListItem\",\"position\":2,\"name\":\"Klinikka\"}]},{\"@type\":\"WebSite\",\"@id\":\"https:\/\/www.toometikliinik.ee\/#website\",\"url\":\"https:\/\/www.toometikliinik.ee\/\",\"name\":\"Tiina Toometin el\u00e4inklinikka\",\"description\":\"Kuonosta h\u00e4nn\u00e4np\u00e4\u00e4h\u00e4n\u2026\",\"potentialAction\":[{\"@type\":\"SearchAction\",\"target\":{\"@type\":\"EntryPoint\",\"urlTemplate\":\"https:\/\/www.toometikliinik.ee\/?s={search_term_string}\"},\"query-input\":{\"@type\":\"PropertyValueSpecification\",\"valueRequired\":true,\"valueName\":\"search_term_string\"}}],\"inLanguage\":\"fi\"}]}<\/script>\n<!-- \/ Yoast SEO plugin. -->","yoast_head_json":{"title":"Klinikka - Tiina Toometin el\u00e4inklinikka","robots":{"index":"index","follow":"follow","max-snippet":"max-snippet:-1","max-image-preview":"max-image-preview:large","max-video-preview":"max-video-preview:-1"},"canonical":"https:\/\/www.toometikliinik.ee\/fi\/klinikka\/","og_locale":"fi_FI","og_type":"article","og_title":"Klinikka - Tiina Toometin el\u00e4inklinikka","og_url":"https:\/\/www.toometikliinik.ee\/fi\/klinikka\/","og_site_name":"Tiina Toometin el\u00e4inklinikka","article_modified_time":"2020-01-16T12:23:32+00:00","twitter_card":"summary_large_image","twitter_misc":{"Arvioitu lukuaika":"6 minuuttia"},"schema":{"@context":"https:\/\/schema.org","@graph":[{"@type":"WebPage","@id":"https:\/\/www.toometikliinik.ee\/fi\/klinikka\/","url":"https:\/\/www.toometikliinik.ee\/fi\/klinikka\/","name":"Klinikka - Tiina Toometin el\u00e4inklinikka","isPartOf":{"@id":"https:\/\/www.toometikliinik.ee\/#website"},"datePublished":"2016-07-15T14:20:10+00:00","dateModified":"2020-01-16T12:23:32+00:00","breadcrumb":{"@id":"https:\/\/www.toometikliinik.ee\/fi\/klinikka\/#breadcrumb"},"inLanguage":"fi","potentialAction":[{"@type":"ReadAction","target":["https:\/\/www.toometikliinik.ee\/fi\/klinikka\/"]}]},{"@type":"BreadcrumbList","@id":"https:\/\/www.toometikliinik.ee\/fi\/klinikka\/#breadcrumb","itemListElement":[{"@type":"ListItem","position":1,"name":"Home","item":"https:\/\/www.toometikliinik.ee\/fi\/"},{"@type":"ListItem","position":2,"name":"Klinikka"}]},{"@type":"WebSite","@id":"https:\/\/www.toometikliinik.ee\/#website","url":"https:\/\/www.toometikliinik.ee\/","name":"Tiina Toometin el\u00e4inklinikka","description":"Kuonosta h\u00e4nn\u00e4np\u00e4\u00e4h\u00e4n\u2026","potentialAction":[{"@type":"SearchAction","target":{"@type":"EntryPoint","urlTemplate":"https:\/\/www.toometikliinik.ee\/?s={search_term_string}"},"query-input":{"@type":"PropertyValueSpecification","valueRequired":true,"valueName":"search_term_string"}}],"inLanguage":"fi"}]}},"_links":{"self":[{"href":"https:\/\/www.toometikliinik.ee\/fi\/wp-json\/wp\/v2\/pages\/2773","targetHints":{"allow":["GET"]}}],"collection":[{"href":"https:\/\/www.toometikliinik.ee\/fi\/wp-json\/wp\/v2\/pages"}],"about":[{"href":"https:\/\/www.toometikliinik.ee\/fi\/wp-json\/wp\/v2\/types\/page"}],"author":[{"embeddable":true,"href":"https:\/\/www.toometikliinik.ee\/fi\/wp-json\/wp\/v2\/users\/2"}],"replies":[{"embeddable":true,"href":"https:\/\/www.toometikliinik.ee\/fi\/wp-json\/wp\/v2\/comments?post=2773"}],"version-history":[{"count":6,"href":"https:\/\/www.toometikliinik.ee\/fi\/wp-json\/wp\/v2\/pages\/2773\/revisions"}],"predecessor-version":[{"id":3151,"href":"https:\/\/www.toometikliinik.ee\/fi\/wp-json\/wp\/v2\/pages\/2773\/revisions\/3151"}],"wp:attachment":[{"href":"https:\/\/www.toometikliinik.ee\/fi\/wp-json\/wp\/v2\/media?parent=2773"}],"curies":[{"name":"wp","href":"https:\/\/api.w.org\/{rel}","templated":true}]}}