{"id":2763,"date":"2018-11-01T06:34:31","date_gmt":"2018-11-01T06:34:31","guid":{"rendered":"https:\/\/www.toometikliinik.ee\/kass\/"},"modified":"2020-01-16T14:24:00","modified_gmt":"2020-01-16T12:24:00","slug":"kissa","status":"publish","type":"page","link":"https:\/\/www.toometikliinik.ee\/fi\/palvelut\/kissa\/","title":{"rendered":"Kissa"},"content":{"rendered":"<\/div><\/div><\/div><!-- close content main div --><\/div><\/div><div id='av-layout-grid-1' class='av-layout-grid-container entry-content-wrapper main_color av-fixed-cells    container_wrap fullsize'   >\n<div class=\"flex_cell no_margin av_one_half   \" style='vertical-align:top; padding:9px 0px 0px 0px ; background-color:#6b8abc; '><div class='flex_cell_inner' ><\/div><\/div><div class=\"flex_cell no_margin av_one_half   \" style='vertical-align:top; padding:9px 0px 0px 0px ; background-color:#6b8abc; '><div class='flex_cell_inner' ><\/div><\/div>\n<\/div>\n<\/div><\/div><\/div><!-- close content main div --><\/div><\/div><div id='av_section_1' class='avia-section main_color avia-section-huge avia-no-border-styling av-section-color-overlay-active avia-bg-style-fixed   container_wrap fullsize' style = 'background-repeat: no-repeat; background-image: url(https:\/\/www.toometikliinik.ee\/wp-content\/uploads\/2018\/07\/content-taust.jpg); background-attachment: fixed; background-position: top center; ' data-section-bg-repeat='no-repeat' ><div class='av-section-color-overlay-wrap'><div class='av-section-color-overlay' style='opacity: 0.8; background-color: #ffffff; '><\/div><div class='container' ><div class='template-page content  av-content-full alpha units'><div class='post-entry post-entry-type-page post-entry-2763'><div class='entry-content-wrapper clearfix'>\n<div class='flex_column_table av-equal-height-column-flextable -flextable' style='margin-top:-100px; margin-bottom:0px; '><div class=\"flex_column av_one_fourth  no_margin flex_column_table_cell av-equal-height-column av-align-top first  \" style='padding:40px; background-color:#6b8abc; border-radius:0px; '><p><span class=\"av_font_icon avia_animate_when_visible  av-icon-style-  avia-icon-pos-center \" style=\"color:#ffffff; border-color:#ffffff;\"><span class='av-icon-char' style='font-size:60px;line-height:60px;' aria-hidden='true' data-av_icon='\uf12e' data-av_iconfont='medical' ><\/span><\/span><br \/>\n<div style='height:20px' class='hr hr-invisible  '><span class='hr-inner ' ><span class='hr-inner-style'><\/span><\/span><\/div><br \/>\n<section class=\"av_textblock_section \"  itemscope=\"itemscope\" itemtype=\"https:\/\/schema.org\/CreativeWork\" ><div class='avia_textblock  av_inherit_color '  style='color:#ffffff; '  itemprop=\"text\" ><h3 style=\"text-align: center;\">Ennaltaehk\u00e4isy<\/h3>\n<div class=\"avia-builder-widget-area clearfix avia-builder-el-1 avia-builder-el-no-sibling \" style=\"text-align: center;\">\n<div id=\"nav_menu-2\" class=\"widget clearfix widget_nav_menu\">\n<div class=\"menu-koer-ennetus-container\">\n<p>Terveystarkastus<\/p>\n<p>Rokotukset<\/p>\n<p>Sis\u00e4loisten torjunta<\/p>\n<p>Ulkoloisten torjunta<\/p>\n<p>Suuhygienia<\/p>\n<p>Geriatrinen neuvonta<\/p>\n<p>Perinn\u00f6llisten tautien tutkimukset<\/p>\n<\/div>\n<\/div>\n<\/div>\n<\/div><\/section><\/p><\/div><\/div><!--close column table wrapper. Autoclose: 1 --><div class='flex_column_table av-equal-height-column-flextable -flextable' style='margin-top:-100px; margin-bottom:0px; '><div class=\"flex_column av_one_fourth  no_margin flex_column_table_cell av-equal-height-column av-align-top   \" style='padding:40px; background-color:#9aa5ce; border-radius:0px; '><p><span class=\"av_font_icon avia_animate_when_visible  av-icon-style-  avia-icon-pos-center \" style=\"color:#ffffff; border-color:#ffffff;\"><span class='av-icon-char' style='font-size:60px;line-height:60px;' aria-hidden='true' data-av_icon='\uf11a' data-av_iconfont='medical' ><\/span><\/span><br \/>\n<div style='height:20px' class='hr hr-invisible  '><span class='hr-inner ' ><span class='hr-inner-style'><\/span><\/span><\/div><br \/>\n<section class=\"av_textblock_section \"  itemscope=\"itemscope\" itemtype=\"https:\/\/schema.org\/CreativeWork\" ><div class='avia_textblock  av_inherit_color '  style='color:#ffffff; '  itemprop=\"text\" ><h3 style=\"text-align: center;\">Diagnostiikka ja hoito<\/h3>\n<p style=\"text-align: center;\">Sis\u00e4taudit<\/p>\n<p style=\"text-align: center;\">Ihotaudit<\/p>\n<p style=\"text-align: center;\">Silm\u00e4taudit<\/p>\n<p style=\"text-align: center;\">Kirurgia<\/p>\n<p style=\"text-align: center;\">Onkologia (kasvainten hoito)<\/p>\n<p style=\"text-align: center;\">Lis\u00e4\u00e4ntymisongelmat<\/p>\n<p style=\"text-align: center;\">Laboratoriset tutkimukset<\/p>\n<p style=\"text-align: center;\">Diagnostiset kuvaukset<\/p>\n<\/div><\/section><\/p><\/div><\/div><!--close column table wrapper. Autoclose: 1 --><div class='flex_column_table av-equal-height-column-flextable -flextable' style='margin-top:-100px; margin-bottom:0px; '><div class=\"flex_column av_one_fourth  no_margin flex_column_table_cell av-equal-height-column av-align-top   \" style='padding:40px; background-color:#a7bede; border-radius:0px; '><p><span class=\"av_font_icon avia_animate_when_visible  av-icon-style-  avia-icon-pos-center \" style=\"color:#ffffff; border-color:#ffffff;\"><span class='av-icon-char' style='font-size:60px;line-height:60px;' aria-hidden='true' data-av_icon='\uf108' data-av_iconfont='medical' ><\/span><\/span><br \/>\n<div style='height:20px' class='hr hr-invisible  '><span class='hr-inner ' ><span class='hr-inner-style'><\/span><\/span><\/div><br \/>\n<section class=\"av_textblock_section \"  itemscope=\"itemscope\" itemtype=\"https:\/\/schema.org\/CreativeWork\" ><div class='avia_textblock  av_inherit_color '  style='color:#ffffff; '  itemprop=\"text\" ><h3 style=\"text-align: center;\">Erikoisl\u00e4\u00e4k\u00e4rit<\/h3>\n<p style=\"text-align: center;\">Silm\u00e4taudit<\/p>\n<p style=\"text-align: center;\">Iho- ja korvataudit<\/p>\n<p style=\"text-align: center;\">Verenmuodostuksen sairaudet ja kasvaimet<\/p>\n<p style=\"text-align: center;\">Syd\u00e4nsairaudet<\/p>\n<\/div><\/section><\/p><\/div><\/div><!--close column table wrapper. Autoclose: 1 --><div class='flex_column_table av-equal-height-column-flextable -flextable' style='margin-top:-100px; margin-bottom:0px; '><div class=\"flex_column av_one_fourth  no_margin flex_column_table_cell av-equal-height-column av-align-top   \" style='padding:40px; background-color:#b1d1ed; border-radius:0px; '><p><span class=\"av_font_icon avia_animate_when_visible  av-icon-style-  avia-icon-pos-center \" style=\"color:#ffffff; border-color:#ffffff;\"><span class='av-icon-char' style='font-size:60px;line-height:60px;' aria-hidden='true' data-av_icon='\uf130' data-av_iconfont='medical' ><\/span><\/span><br \/>\n<div style='height:20px' class='hr hr-invisible  '><span class='hr-inner ' ><span class='hr-inner-style'><\/span><\/span><\/div><br \/>\n<section class=\"av_textblock_section \"  itemscope=\"itemscope\" itemtype=\"https:\/\/schema.org\/CreativeWork\" ><div class='avia_textblock  av_inherit_color '  style='color:#ffffff; '  itemprop=\"text\" ><h3 style=\"text-align: center;\">Muut palvelut<\/h3>\n<p style=\"text-align: center;\">Merkint\u00e4<\/p>\n<p style=\"text-align: center;\">Asiakirjat ja todistukset<\/p>\n<p style=\"text-align: center;\">Kynsien leikkaus<\/p>\n<p style=\"text-align: center;\">Ruokintaneuvonta<\/p>\n<p style=\"text-align: center;\">K\u00e4yt\u00f6sneuvonta<\/p>\n<p style=\"text-align: center;\">Lemmikkiel\u00e4inruokien ja -tarvikkeiden myynti<\/p>\n<p style=\"text-align: center;\">Eutanasia<\/p>\n<p style=\"text-align: center;\">Tuhkauspalvelun v\u00e4litt\u00e4minen<\/p>\n<\/div><\/section><\/p><\/div><\/div><!--close column table wrapper. Autoclose: 1 -->\n","protected":false},"excerpt":{"rendered":"","protected":false},"author":2,"featured_media":0,"parent":2780,"menu_order":0,"comment_status":"closed","ping_status":"closed","template":"","meta":{"footnotes":""},"class_list":["post-2763","page","type-page","status-publish","hentry"],"yoast_head":"<!-- This site is optimized with the Yoast SEO plugin v26.0 - https:\/\/yoast.com\/wordpress\/plugins\/seo\/ -->\n<title>Kissa - Tiina Toometin el\u00e4inklinikka<\/title>\n<meta name=\"robots\" content=\"index, follow, max-snippet:-1, max-image-preview:large, max-video-preview:-1\" \/>\n<link rel=\"canonical\" href=\"https:\/\/www.toometikliinik.ee\/teenused\/kass\/\" \/>\n<meta property=\"og:locale\" content=\"fi_FI\" \/>\n<meta property=\"og:type\" content=\"article\" \/>\n<meta property=\"og:title\" content=\"Kissa - Tiina Toometin el\u00e4inklinikka\" \/>\n<meta property=\"og:url\" content=\"https:\/\/www.toometikliinik.ee\/teenused\/kass\/\" \/>\n<meta property=\"og:site_name\" content=\"Tiina Toometin el\u00e4inklinikka\" \/>\n<meta property=\"article:modified_time\" content=\"2020-01-16T12:24:00+00:00\" \/>\n<meta name=\"twitter:card\" content=\"summary_large_image\" \/>\n<meta name=\"twitter:label1\" content=\"Arvioitu lukuaika\" \/>\n\t<meta name=\"twitter:data1\" content=\"5 minuuttia\" \/>\n<script type=\"application\/ld+json\" class=\"yoast-schema-graph\">{\"@context\":\"https:\/\/schema.org\",\"@graph\":[{\"@type\":\"WebPage\",\"@id\":\"https:\/\/www.toometikliinik.ee\/teenused\/kass\/\",\"url\":\"https:\/\/www.toometikliinik.ee\/teenused\/kass\/\",\"name\":\"Kissa - Tiina Toometin el\u00e4inklinikka\",\"isPartOf\":{\"@id\":\"https:\/\/www.toometikliinik.ee\/#website\"},\"datePublished\":\"2018-11-01T06:34:31+00:00\",\"dateModified\":\"2020-01-16T12:24:00+00:00\",\"breadcrumb\":{\"@id\":\"https:\/\/www.toometikliinik.ee\/teenused\/kass\/#breadcrumb\"},\"inLanguage\":\"fi\",\"potentialAction\":[{\"@type\":\"ReadAction\",\"target\":[\"https:\/\/www.toometikliinik.ee\/teenused\/kass\/\"]}]},{\"@type\":\"BreadcrumbList\",\"@id\":\"https:\/\/www.toometikliinik.ee\/teenused\/kass\/#breadcrumb\",\"itemListElement\":[{\"@type\":\"ListItem\",\"position\":1,\"name\":\"Home\",\"item\":\"https:\/\/www.toometikliinik.ee\/fi\/\"},{\"@type\":\"ListItem\",\"position\":2,\"name\":\"Palvelut\",\"item\":\"https:\/\/www.toometikliinik.ee\/teenused\/\"},{\"@type\":\"ListItem\",\"position\":3,\"name\":\"Kissa\"}]},{\"@type\":\"WebSite\",\"@id\":\"https:\/\/www.toometikliinik.ee\/#website\",\"url\":\"https:\/\/www.toometikliinik.ee\/\",\"name\":\"Tiina Toometin el\u00e4inklinikka\",\"description\":\"Kuonosta h\u00e4nn\u00e4np\u00e4\u00e4h\u00e4n\u2026\",\"potentialAction\":[{\"@type\":\"SearchAction\",\"target\":{\"@type\":\"EntryPoint\",\"urlTemplate\":\"https:\/\/www.toometikliinik.ee\/?s={search_term_string}\"},\"query-input\":{\"@type\":\"PropertyValueSpecification\",\"valueRequired\":true,\"valueName\":\"search_term_string\"}}],\"inLanguage\":\"fi\"}]}<\/script>\n<!-- \/ Yoast SEO plugin. -->","yoast_head_json":{"title":"Kissa - Tiina Toometin el\u00e4inklinikka","robots":{"index":"index","follow":"follow","max-snippet":"max-snippet:-1","max-image-preview":"max-image-preview:large","max-video-preview":"max-video-preview:-1"},"canonical":"https:\/\/www.toometikliinik.ee\/teenused\/kass\/","og_locale":"fi_FI","og_type":"article","og_title":"Kissa - Tiina Toometin el\u00e4inklinikka","og_url":"https:\/\/www.toometikliinik.ee\/teenused\/kass\/","og_site_name":"Tiina Toometin el\u00e4inklinikka","article_modified_time":"2020-01-16T12:24:00+00:00","twitter_card":"summary_large_image","twitter_misc":{"Arvioitu lukuaika":"5 minuuttia"},"schema":{"@context":"https:\/\/schema.org","@graph":[{"@type":"WebPage","@id":"https:\/\/www.toometikliinik.ee\/teenused\/kass\/","url":"https:\/\/www.toometikliinik.ee\/teenused\/kass\/","name":"Kissa - Tiina Toometin el\u00e4inklinikka","isPartOf":{"@id":"https:\/\/www.toometikliinik.ee\/#website"},"datePublished":"2018-11-01T06:34:31+00:00","dateModified":"2020-01-16T12:24:00+00:00","breadcrumb":{"@id":"https:\/\/www.toometikliinik.ee\/teenused\/kass\/#breadcrumb"},"inLanguage":"fi","potentialAction":[{"@type":"ReadAction","target":["https:\/\/www.toometikliinik.ee\/teenused\/kass\/"]}]},{"@type":"BreadcrumbList","@id":"https:\/\/www.toometikliinik.ee\/teenused\/kass\/#breadcrumb","itemListElement":[{"@type":"ListItem","position":1,"name":"Home","item":"https:\/\/www.toometikliinik.ee\/fi\/"},{"@type":"ListItem","position":2,"name":"Palvelut","item":"https:\/\/www.toometikliinik.ee\/teenused\/"},{"@type":"ListItem","position":3,"name":"Kissa"}]},{"@type":"WebSite","@id":"https:\/\/www.toometikliinik.ee\/#website","url":"https:\/\/www.toometikliinik.ee\/","name":"Tiina Toometin el\u00e4inklinikka","description":"Kuonosta h\u00e4nn\u00e4np\u00e4\u00e4h\u00e4n\u2026","potentialAction":[{"@type":"SearchAction","target":{"@type":"EntryPoint","urlTemplate":"https:\/\/www.toometikliinik.ee\/?s={search_term_string}"},"query-input":{"@type":"PropertyValueSpecification","valueRequired":true,"valueName":"search_term_string"}}],"inLanguage":"fi"}]}},"_links":{"self":[{"href":"https:\/\/www.toometikliinik.ee\/fi\/wp-json\/wp\/v2\/pages\/2763","targetHints":{"allow":["GET"]}}],"collection":[{"href":"https:\/\/www.toometikliinik.ee\/fi\/wp-json\/wp\/v2\/pages"}],"about":[{"href":"https:\/\/www.toometikliinik.ee\/fi\/wp-json\/wp\/v2\/types\/page"}],"author":[{"embeddable":true,"href":"https:\/\/www.toometikliinik.ee\/fi\/wp-json\/wp\/v2\/users\/2"}],"replies":[{"embeddable":true,"href":"https:\/\/www.toometikliinik.ee\/fi\/wp-json\/wp\/v2\/comments?post=2763"}],"version-history":[{"count":4,"href":"https:\/\/www.toometikliinik.ee\/fi\/wp-json\/wp\/v2\/pages\/2763\/revisions"}],"predecessor-version":[{"id":3153,"href":"https:\/\/www.toometikliinik.ee\/fi\/wp-json\/wp\/v2\/pages\/2763\/revisions\/3153"}],"up":[{"embeddable":true,"href":"https:\/\/www.toometikliinik.ee\/fi\/wp-json\/wp\/v2\/pages\/2780"}],"wp:attachment":[{"href":"https:\/\/www.toometikliinik.ee\/fi\/wp-json\/wp\/v2\/media?parent=2763"}],"curies":[{"name":"wp","href":"https:\/\/api.w.org\/{rel}","templated":true}]}}