{"id":2750,"date":"2016-07-15T14:21:20","date_gmt":"2016-07-15T14:21:20","guid":{"rendered":"https:\/\/www.toometikliinik.ee\/hinnakiri\/"},"modified":"2024-10-25T20:24:15","modified_gmt":"2024-10-25T17:24:15","slug":"hinnasto","status":"publish","type":"page","link":"https:\/\/www.toometikliinik.ee\/fi\/hinnasto\/","title":{"rendered":"Hinnasto"},"content":{"rendered":"<div class=\"flex_column av_one_full  flex_column_div av-zero-column-padding first  \" style='border-radius:0px; '><p><div style='padding-bottom:10px;font-size:28px;' class='av-special-heading av-special-heading-h1  blockquote modern-quote modern-centered  av-inherit-size '><h1 class='av-special-heading-tag '  itemprop=\"headline\"  >Hinnasto<\/h1><div class='special-heading-border'><div class='special-heading-inner-border' ><\/div><\/div><\/div><br \/>\n<div style='height:30px' class='hr hr-invisible  '><span class='hr-inner ' ><span class='hr-inner-style'><\/span><\/span><\/div><\/p><\/div>\n<div class=\"flex_column av_one_fifth  flex_column_div av-zero-column-padding first  \" style='border-radius:0px; '><\/div>\n<div class=\"flex_column av_three_fifth  flex_column_div av-zero-column-padding   \" style='border-radius:0px; '><section class=\"av_textblock_section \"  itemscope=\"itemscope\" itemtype=\"https:\/\/schema.org\/CreativeWork\" ><div class='avia_textblock  '   itemprop=\"text\" ><p style=\"text-align: center;\">Palvelujen hinnat ovat euroina.<\/p>\n<\/div><\/section><br \/>\n<div class='avia-data-table-wrap avia_responsive_table'><table class='avia-table avia-data-table avia-table-1  avia_pricing_minimal '  itemscope=\"itemscope\" itemtype=\"https:\/\/schema.org\/Table\" ><tbody><tr class=''><td class='avia-center-col'>Ensimm\u00e4inen vastaanottok\u00e4ynti<\/td><td class='avia-highlight-col'>55<\/td><\/tr><tr class=''><td class='avia-center-col'>Toistuva vastaanottok\u00e4ynti<\/td><td class='avia-highlight-col'>45<\/td><\/tr><tr class=''><td class='avia-center-col'>Silm\u00e4l\u00e4\u00e4k\u00e4rin vastaanotto<\/td><td class='avia-highlight-col'>89 \/ 79<\/td><\/tr><tr class=''><td class='avia-center-col'>Ihotautil\u00e4\u00e4k\u00e4rin vastaanotto<\/td><td class='avia-highlight-col'>120 \/ 91<\/td><\/tr><tr class=''><td class='avia-center-col'>Syd\u00e4ntautil\u00e4\u00e4k\u00e4rin vastaanotto<\/td><td class='avia-highlight-col'>alkaen 95<\/td><\/tr><tr class=''><td class='avia-center-col'>Rokotukset<\/td><td class='avia-highlight-col'>40-55 rokotteen mukaan<\/td><\/tr><tr class=''><td class='avia-center-col'>Kissan kastrointi<\/td><td class='avia-highlight-col'>alkaen 100<\/td><\/tr><tr class=''><td class='avia-center-col'>Kissan sterilointi<\/td><td class='avia-highlight-col'>alkaen 180<\/td><\/tr><tr class=''><td class='avia-center-col'>Koiran kastrointi<\/td><td class='avia-highlight-col'>alkaen 280<\/td><\/tr><tr class=''><td class='avia-center-col'>Koiran sterilointi<\/td><td class='avia-highlight-col'>alkaen 415<\/td><\/tr><\/tbody><\/table><\/div><style type='text\/css'><\/style><br \/>\n<section class=\"av_textblock_section \"  itemscope=\"itemscope\" itemtype=\"https:\/\/schema.org\/CreativeWork\" ><div class='avia_textblock  '   itemprop=\"text\" ><p style=\"text-align: center;\">Huom.! Tietoa palveluista ja tuotteiden hinnoista saa vain soittamalla klinikan numeroon <a href=\"tel:+3726413110\">+372 641 3110<\/a> tai <a href=\"tel:+3726413111\">+372 641 3111<\/a>!<\/p>\n<p style=\"text-align: center;\">Hintoihin sis\u00e4ltyy arvonlis\u00e4vero.<\/p>\n<p style=\"text-align: center;\">Hinnan lis\u00e4ksi veloitetaan lis\u00e4tutkimusten ja l\u00e4\u00e4kkeiden arvo.<\/p>\n<p style=\"text-align: center;\">Kanta-asiakkaille <strong>10 %:n<\/strong> alennus.<\/p>\n<p style=\"text-align: center;\">Lauantaisin 25 %:n lis\u00e4maksu.<\/p>\n<\/div><\/section><\/p><\/div><div class=\"flex_column av_one_fifth  flex_column_div av-zero-column-padding   \" style='border-radius:0px; '><\/div><\/p>\n","protected":false},"excerpt":{"rendered":"","protected":false},"author":2,"featured_media":0,"parent":0,"menu_order":0,"comment_status":"closed","ping_status":"closed","template":"","meta":{"footnotes":""},"class_list":["post-2750","page","type-page","status-publish","hentry"],"yoast_head":"<!-- This site is optimized with the Yoast SEO plugin v26.0 - https:\/\/yoast.com\/wordpress\/plugins\/seo\/ -->\n<title>Hinnasto - Tiina Toometin el\u00e4inklinikka<\/title>\n<meta name=\"robots\" content=\"index, follow, max-snippet:-1, max-image-preview:large, max-video-preview:-1\" \/>\n<link rel=\"canonical\" href=\"https:\/\/www.toometikliinik.ee\/hinnakiri\/\" \/>\n<meta property=\"og:locale\" content=\"fi_FI\" \/>\n<meta property=\"og:type\" content=\"article\" \/>\n<meta property=\"og:title\" content=\"Hinnasto - Tiina Toometin el\u00e4inklinikka\" \/>\n<meta property=\"og:url\" content=\"https:\/\/www.toometikliinik.ee\/hinnakiri\/\" \/>\n<meta property=\"og:site_name\" content=\"Tiina Toometin el\u00e4inklinikka\" \/>\n<meta property=\"article:modified_time\" content=\"2024-10-25T17:24:15+00:00\" \/>\n<meta name=\"twitter:card\" content=\"summary_large_image\" \/>\n<meta name=\"twitter:label1\" content=\"Arvioitu lukuaika\" \/>\n\t<meta name=\"twitter:data1\" content=\"3 minuuttia\" \/>\n<script type=\"application\/ld+json\" class=\"yoast-schema-graph\">{\"@context\":\"https:\/\/schema.org\",\"@graph\":[{\"@type\":\"WebPage\",\"@id\":\"https:\/\/www.toometikliinik.ee\/hinnakiri\/\",\"url\":\"https:\/\/www.toometikliinik.ee\/hinnakiri\/\",\"name\":\"Hinnasto - Tiina Toometin el\u00e4inklinikka\",\"isPartOf\":{\"@id\":\"https:\/\/www.toometikliinik.ee\/#website\"},\"datePublished\":\"2016-07-15T14:21:20+00:00\",\"dateModified\":\"2024-10-25T17:24:15+00:00\",\"breadcrumb\":{\"@id\":\"https:\/\/www.toometikliinik.ee\/hinnakiri\/#breadcrumb\"},\"inLanguage\":\"fi\",\"potentialAction\":[{\"@type\":\"ReadAction\",\"target\":[\"https:\/\/www.toometikliinik.ee\/hinnakiri\/\"]}]},{\"@type\":\"BreadcrumbList\",\"@id\":\"https:\/\/www.toometikliinik.ee\/hinnakiri\/#breadcrumb\",\"itemListElement\":[{\"@type\":\"ListItem\",\"position\":1,\"name\":\"Home\",\"item\":\"https:\/\/www.toometikliinik.ee\/fi\/\"},{\"@type\":\"ListItem\",\"position\":2,\"name\":\"Hinnasto\"}]},{\"@type\":\"WebSite\",\"@id\":\"https:\/\/www.toometikliinik.ee\/#website\",\"url\":\"https:\/\/www.toometikliinik.ee\/\",\"name\":\"Tiina Toometin el\u00e4inklinikka\",\"description\":\"Kuonosta h\u00e4nn\u00e4np\u00e4\u00e4h\u00e4n\u2026\",\"potentialAction\":[{\"@type\":\"SearchAction\",\"target\":{\"@type\":\"EntryPoint\",\"urlTemplate\":\"https:\/\/www.toometikliinik.ee\/?s={search_term_string}\"},\"query-input\":{\"@type\":\"PropertyValueSpecification\",\"valueRequired\":true,\"valueName\":\"search_term_string\"}}],\"inLanguage\":\"fi\"}]}<\/script>\n<!-- \/ Yoast SEO plugin. -->","yoast_head_json":{"title":"Hinnasto - Tiina Toometin el\u00e4inklinikka","robots":{"index":"index","follow":"follow","max-snippet":"max-snippet:-1","max-image-preview":"max-image-preview:large","max-video-preview":"max-video-preview:-1"},"canonical":"https:\/\/www.toometikliinik.ee\/hinnakiri\/","og_locale":"fi_FI","og_type":"article","og_title":"Hinnasto - Tiina Toometin el\u00e4inklinikka","og_url":"https:\/\/www.toometikliinik.ee\/hinnakiri\/","og_site_name":"Tiina Toometin el\u00e4inklinikka","article_modified_time":"2024-10-25T17:24:15+00:00","twitter_card":"summary_large_image","twitter_misc":{"Arvioitu lukuaika":"3 minuuttia"},"schema":{"@context":"https:\/\/schema.org","@graph":[{"@type":"WebPage","@id":"https:\/\/www.toometikliinik.ee\/hinnakiri\/","url":"https:\/\/www.toometikliinik.ee\/hinnakiri\/","name":"Hinnasto - Tiina Toometin el\u00e4inklinikka","isPartOf":{"@id":"https:\/\/www.toometikliinik.ee\/#website"},"datePublished":"2016-07-15T14:21:20+00:00","dateModified":"2024-10-25T17:24:15+00:00","breadcrumb":{"@id":"https:\/\/www.toometikliinik.ee\/hinnakiri\/#breadcrumb"},"inLanguage":"fi","potentialAction":[{"@type":"ReadAction","target":["https:\/\/www.toometikliinik.ee\/hinnakiri\/"]}]},{"@type":"BreadcrumbList","@id":"https:\/\/www.toometikliinik.ee\/hinnakiri\/#breadcrumb","itemListElement":[{"@type":"ListItem","position":1,"name":"Home","item":"https:\/\/www.toometikliinik.ee\/fi\/"},{"@type":"ListItem","position":2,"name":"Hinnasto"}]},{"@type":"WebSite","@id":"https:\/\/www.toometikliinik.ee\/#website","url":"https:\/\/www.toometikliinik.ee\/","name":"Tiina Toometin el\u00e4inklinikka","description":"Kuonosta h\u00e4nn\u00e4np\u00e4\u00e4h\u00e4n\u2026","potentialAction":[{"@type":"SearchAction","target":{"@type":"EntryPoint","urlTemplate":"https:\/\/www.toometikliinik.ee\/?s={search_term_string}"},"query-input":{"@type":"PropertyValueSpecification","valueRequired":true,"valueName":"search_term_string"}}],"inLanguage":"fi"}]}},"_links":{"self":[{"href":"https:\/\/www.toometikliinik.ee\/fi\/wp-json\/wp\/v2\/pages\/2750","targetHints":{"allow":["GET"]}}],"collection":[{"href":"https:\/\/www.toometikliinik.ee\/fi\/wp-json\/wp\/v2\/pages"}],"about":[{"href":"https:\/\/www.toometikliinik.ee\/fi\/wp-json\/wp\/v2\/types\/page"}],"author":[{"embeddable":true,"href":"https:\/\/www.toometikliinik.ee\/fi\/wp-json\/wp\/v2\/users\/2"}],"replies":[{"embeddable":true,"href":"https:\/\/www.toometikliinik.ee\/fi\/wp-json\/wp\/v2\/comments?post=2750"}],"version-history":[{"count":8,"href":"https:\/\/www.toometikliinik.ee\/fi\/wp-json\/wp\/v2\/pages\/2750\/revisions"}],"predecessor-version":[{"id":4098,"href":"https:\/\/www.toometikliinik.ee\/fi\/wp-json\/wp\/v2\/pages\/2750\/revisions\/4098"}],"wp:attachment":[{"href":"https:\/\/www.toometikliinik.ee\/fi\/wp-json\/wp\/v2\/media?parent=2750"}],"curies":[{"name":"wp","href":"https:\/\/api.w.org\/{rel}","templated":true}]}}