{"id":2735,"date":"2019-12-03T08:47:26","date_gmt":"2019-12-03T06:47:26","guid":{"rendered":"https:\/\/www.toometikliinik.ee\/?page_id=2735"},"modified":"2019-12-03T10:35:55","modified_gmt":"2019-12-03T08:35:55","slug":"kotisivu","status":"publish","type":"page","link":"https:\/\/www.toometikliinik.ee\/fi\/","title":{"rendered":"Kotisivu"},"content":{"rendered":"<\/div><\/div><\/div><!-- close content main div --><\/div><\/div><div id='full_slider_1' class='avia-fullwidth-slider main_color avia-shadow   container_wrap fullsize'   ><div  data-size='featured'  data-lightbox_size='large'  data-animation='fade'  data-ids='1115,1118'  data-video_counter='0'  data-autoplay='true'  data-bg_slider='false'  data-slide_height=''  data-handle='av_slideshow_full'  data-interval='6'  data-class=' '  data-css_id=''  data-scroll_down=''  data-control_layout='av-control-minimal'  data-custom_markup=''  data-perma_caption=''  data-autoplay_stopper=''  data-image_attachment=''  data-min_height='400px'  data-src=''  data-position='top left'  data-repeat='no-repeat'  data-attach='scroll'  data-stretch=''  data-default-height='28.666666666667'  class='avia-slideshow avia-slideshow-1  av-control-minimal av-default-height-applied avia-slideshow-featured av_slideshow_full   avia-fade-slider '  itemprop=\"ImageObject\" itemscope=\"itemscope\" itemtype=\"https:\/\/schema.org\/ImageObject\" ><ul class='avia-slideshow-inner' style='padding-bottom: 28.666666666667%;'><li  class=' slide-1 ' ><div data-rel='slideshow-1' class='avia-slide-wrap'  ><div class = \"caption_fullwidth av-slideshow-caption caption_left caption_left_framed caption_framed\"><div class = \"container caption_container\"><div class = \"slideshow_caption\"><div class = \"slideshow_inner_caption\"><div class = \"slideshow_align_caption\"><h2  style='font-size:44px; color:#ffffff; ' class='avia-caption-title '  itemprop=\"name\" >Tiina Toometin&lt;\/br &gt; el\u00e4inklinikka<\/h2><div class='avia-caption-content  av_inherit_color'  itemprop=\"description\"   style='font-size:20px; color:#ffffff; '><p>Kuonosta h\u00e4nn\u00e4np\u00e4\u00e4h\u00e4n\u2026<\/p>\n<\/div><a href='https:\/\/www.toometikliinik.ee\/fi\/palvelut\/'  class='avia-slideshow-button avia-button avia-color-theme-color avia-multi-slideshow-button' data-duration='800' data-easing='easeInOutQuad'>PALVELUT<\/a><a href='https:\/\/www.toometikliinik.ee\/fi\/yhteystiedot\/'  class='avia-slideshow-button avia-button avia-color-theme-color-subtle avia-multi-slideshow-button avia-slideshow-button-2' data-duration='800' data-easing='easeInOutQuad'>OTA YHTEYTT\u00c4<\/a><\/div><\/div><\/div><\/div><\/div><img src='https:\/\/www.toometikliinik.ee\/wp-content\/uploads\/2018\/07\/1.jpg' width='1500' height='430' title='1' alt=''  itemprop=\"thumbnailUrl\"  style='min-height:400px; min-width:1396px; ' \/><\/div><\/li><li  class=' slide-2 ' ><div data-rel='slideshow-1' class='avia-slide-wrap'  ><img src='https:\/\/www.toometikliinik.ee\/wp-content\/uploads\/2018\/07\/3.jpg' width='1500' height='430' title='3' alt=''  itemprop=\"thumbnailUrl\"  style='min-height:400px; min-width:1396px; ' \/><\/div><\/li><\/ul><div class='avia-slideshow-arrows avia-slideshow-controls'><a href='#prev' class='prev-slide' aria-hidden='true' data-av_icon='\ue87c' data-av_iconfont='entypo-fontello'>Previous<\/a><a href='#next' class='next-slide' aria-hidden='true' data-av_icon='\ue87d' data-av_iconfont='entypo-fontello'>Next<\/a><\/div><div class='avia-slideshow-dots avia-slideshow-controls'><a href='#1' class='goto-slide active' >1<\/a><a href='#2' class='goto-slide ' >2<\/a><\/div><\/div><\/div>\n<\/div><\/div><\/div><!-- close content main div --><\/div><\/div><div id='av-layout-grid-1' class='av-layout-grid-container entry-content-wrapper main_color av-fixed-cells    container_wrap fullsize'   >\n<div class=\"flex_cell no_margin av_one_half   \" style='vertical-align:top; padding:9px 0px 0px 0px ; background-color:#6b8abc; '><div class='flex_cell_inner' ><\/div><\/div><div class=\"flex_cell no_margin av_one_half   \" style='vertical-align:top; padding:9px 0px 0px 0px ; background-color:#6b8abc; '><div class='flex_cell_inner' ><\/div><\/div>\n<\/div>\n<\/div><\/div><\/div><!-- close content main div --><\/div><\/div><div id='av_section_1' class='avia-section main_color avia-section-huge avia-no-border-styling av-section-color-overlay-active avia-bg-style-fixed   container_wrap fullsize' style = 'background-repeat: no-repeat; background-image: url(https:\/\/www.toometikliinik.ee\/wp-content\/uploads\/2018\/07\/content-taust.jpg); background-attachment: fixed; background-position: top center; ' data-section-bg-repeat='no-repeat' ><div class='av-section-color-overlay-wrap'><div class='av-section-color-overlay' style='opacity: 0.8; background-color: #ffffff; '><\/div><div class='container' ><div class='template-page content  av-content-full alpha units'><div class='post-entry post-entry-type-page post-entry-2735'><div class='entry-content-wrapper clearfix'>\n<div class='flex_column_table av-equal-height-column-flextable -flextable' style='margin-top:-200px; margin-bottom:0px; '><div class=\"flex_column av_one_third  no_margin flex_column_table_cell av-equal-height-column av-align-top first  \" style='padding:40px; background-color:#6b8abc; border-radius:0px; '><p><span class=\"av_font_icon avia_animate_when_visible  av-icon-style-  avia-icon-pos-center \" style=\"color:#ffffff; border-color:#ffffff;\"><span class='av-icon-char' style='font-size:60px;line-height:60px;' aria-hidden='true' data-av_icon='\uf111' data-av_iconfont='medical' ><\/span><\/span><br \/>\n<div style='height:20px' class='hr hr-invisible  '><span class='hr-inner ' ><span class='hr-inner-style'><\/span><\/span><\/div><br \/>\n<section class=\"av_textblock_section \"  itemscope=\"itemscope\" itemtype=\"https:\/\/schema.org\/CreativeWork\" ><div class='avia_textblock  av_inherit_color '  style='color:#ffffff; '  itemprop=\"text\" ><h4 style=\"text-align: center;\">KLINIKKA<\/h4>\n<\/div><\/section><br \/>\n<div style='height:8px' class='hr hr-invisible  '><span class='hr-inner ' ><span class='hr-inner-style'><\/span><\/span><\/div><br \/>\n<div class='avia-button-wrap avia-button-center '><a href='https:\/\/www.toometikliinik.ee\/fi\/klinikka\/' class='avia-button   avia-icon_select-no avia-color-light avia-size-medium avia-position-center '   ><span class='avia_iconbox_title' >Katso<\/span><\/a><\/div><\/p><\/div><\/div><!--close column table wrapper. Autoclose: 1 --><div class='flex_column_table av-equal-height-column-flextable -flextable' style='margin-top:-200px; margin-bottom:0px; '><div class=\"flex_column av_one_third  no_margin flex_column_table_cell av-equal-height-column av-align-top   \" style='padding:40px; background-color:#a7bede; border-radius:0px; '><p><span class=\"av_font_icon avia_animate_when_visible  av-icon-style-  avia-icon-pos-center \" style=\"color:#ffffff; border-color:#ffffff;\"><span class='av-icon-char' style='font-size:60px;line-height:60px;' aria-hidden='true' data-av_icon='\uf10e' data-av_iconfont='medical' ><\/span><\/span><br \/>\n<div style='height:20px' class='hr hr-invisible  '><span class='hr-inner ' ><span class='hr-inner-style'><\/span><\/span><\/div><br \/>\n<section class=\"av_textblock_section \"  itemscope=\"itemscope\" itemtype=\"https:\/\/schema.org\/CreativeWork\" ><div class='avia_textblock  av_inherit_color '  style='color:#ffffff; '  itemprop=\"text\" ><h4 style=\"text-align: center;\">PALVELUT<\/h4>\n<\/div><\/section><br \/>\n<div style='height:8px' class='hr hr-invisible  '><span class='hr-inner ' ><span class='hr-inner-style'><\/span><\/span><\/div><br \/>\n<div class='avia-button-wrap avia-button-center '><a href='https:\/\/www.toometikliinik.ee\/fi\/palvelut\/' class='avia-button   avia-icon_select-no avia-color-light avia-size-medium avia-position-center '   ><span class='avia_iconbox_title' >Katso<\/span><\/a><\/div><\/p><\/div><\/div><!--close column table wrapper. Autoclose: 1 --><div class='flex_column_table av-equal-height-column-flextable -flextable' style='margin-top:-200px; margin-bottom:0px; '><div class=\"flex_column av_one_third  no_margin flex_column_table_cell av-equal-height-column av-align-top   \" style='padding:40px; background-color:#6b8abc; border-radius:0px; '><p><span class=\"av_font_icon avia_animate_when_visible  av-icon-style-  avia-icon-pos-center \" style=\"color:#ffffff; border-color:#ffffff;\"><span class='av-icon-char' style='font-size:60px;line-height:60px;' aria-hidden='true' data-av_icon='\ue84b' data-av_iconfont='entypo-fontello' ><\/span><\/span><br \/>\n<div style='height:20px' class='hr hr-invisible  '><span class='hr-inner ' ><span class='hr-inner-style'><\/span><\/span><\/div><br \/>\n<section class=\"av_textblock_section \"  itemscope=\"itemscope\" itemtype=\"https:\/\/schema.org\/CreativeWork\" ><div class='avia_textblock  av_inherit_color '  style='color:#ffffff; '  itemprop=\"text\" ><h4 style=\"text-align: center;\">HINNASTO<\/h4>\n<\/div><\/section><br \/>\n<div style='height:8px' class='hr hr-invisible  '><span class='hr-inner ' ><span class='hr-inner-style'><\/span><\/span><\/div><br \/>\n<div class='avia-button-wrap avia-button-center '><a href='https:\/\/www.toometikliinik.ee\/fi\/hinnasto\/' class='avia-button   avia-icon_select-no avia-color-light avia-size-medium avia-position-center '   ><span class='avia_iconbox_title' >Katso<\/span><\/a><\/div><\/p><\/div><\/div><!--close column table wrapper. Autoclose: 1 --><div style='height:100px' class='hr hr-invisible  '><span class='hr-inner ' ><span class='hr-inner-style'><\/span><\/span><\/div>\n<div class=\"flex_column av_one_fifth  av-animated-generic bottom-to-top  flex_column_div av-zero-column-padding first  \" style='border-radius:0px; '><\/div><div class=\"flex_column av_three_fifth  av-animated-generic bottom-to-top  flex_column_div av-zero-column-padding   \" style='border-radius:0px; '><p><div style='padding-bottom:20px;font-size:34px;' class='av-special-heading av-special-heading-h3  blockquote modern-quote modern-centered   av-inherit-size '><h3 class='av-special-heading-tag '  itemprop=\"headline\"  >TIETOA TIINA TOOMETIN KLINIKASTA<\/h3><div class='special-heading-border'><div class='special-heading-inner-border' ><\/div><\/div><\/div><br \/>\n<section class=\"av_textblock_section \"  itemscope=\"itemscope\" itemtype=\"https:\/\/schema.org\/CreativeWork\" ><div class='avia_textblock  '   itemprop=\"text\" ><p style=\"text-align: center;\">Klinikkamme (perustettu vuonna 1991) on Viron vanhimpia yksityisi\u00e4 el\u00e4inklinikoita. Hoidamme koiria ja kissoja. Toimimme Tallinnan keskustassa osoitteessa S\u00f5le t\u00e4nav 3 (Paldiski maanteen ja S\u00f5le t\u00e4navin risteyksess\u00e4 sijaitsevan McDonald\u2019s-ravintolan takana entisen Moldaavia-myym\u00e4l\u00e4n tiloissa). Meille on helppo tulla omalla autolla ja julkisilla kulkuv\u00e4lineill\u00e4.<\/p>\n<p style=\"text-align: center;\">Klinikan l\u00e4\u00e4k\u00e4rit ja avustajat tekev\u00e4t klinikan viihtyis\u00e4ss\u00e4 ja ammattimaisessa ilmapiiriss\u00e4 kaikkensa lemmikkiel\u00e4imesi terveyden hyv\u00e4ksi.<\/p>\n<p style=\"text-align: center;\">Tutustu klinikkaamme ja tarjoamiimme palveluihin. Toivomme, ett\u00e4 saamme auttaa Sinua ja lemmikki\u00e4si sairauksien ehk\u00e4isyss\u00e4 ja hoidossa.<\/p>\n<\/div><\/section><\/p><\/div><div class=\"flex_column av_one_fifth  av-animated-generic bottom-to-top  flex_column_div av-zero-column-padding   \" style='border-radius:0px; '><\/div>\n\n","protected":false},"excerpt":{"rendered":"","protected":false},"author":3,"featured_media":0,"parent":0,"menu_order":0,"comment_status":"closed","ping_status":"closed","template":"","meta":{"footnotes":""},"class_list":["post-2735","page","type-page","status-publish","hentry"],"yoast_head":"<!-- This site is optimized with the Yoast SEO plugin v26.0 - https:\/\/yoast.com\/wordpress\/plugins\/seo\/ -->\n<title>Kuonosta h\u00e4nn\u00e4np\u00e4\u00e4h\u00e4n\u2026 - Tiina Toometin el\u00e4inklinikka<\/title>\n<meta name=\"robots\" content=\"index, follow, max-snippet:-1, max-image-preview:large, max-video-preview:-1\" \/>\n<link rel=\"canonical\" href=\"https:\/\/www.toometikliinik.ee\/fi\/\" \/>\n<meta property=\"og:locale\" content=\"fi_FI\" \/>\n<meta property=\"og:type\" content=\"article\" \/>\n<meta property=\"og:title\" content=\"Kuonosta h\u00e4nn\u00e4np\u00e4\u00e4h\u00e4n\u2026 - Tiina Toometin el\u00e4inklinikka\" \/>\n<meta property=\"og:url\" content=\"https:\/\/www.toometikliinik.ee\/fi\/\" \/>\n<meta property=\"og:site_name\" content=\"Tiina Toometin el\u00e4inklinikka\" \/>\n<meta property=\"article:modified_time\" content=\"2019-12-03T08:35:55+00:00\" \/>\n<meta name=\"twitter:card\" content=\"summary_large_image\" \/>\n<meta name=\"twitter:label1\" content=\"Arvioitu lukuaika\" \/>\n\t<meta name=\"twitter:data1\" content=\"8 minuuttia\" \/>\n<script type=\"application\/ld+json\" class=\"yoast-schema-graph\">{\"@context\":\"https:\/\/schema.org\",\"@graph\":[{\"@type\":\"WebPage\",\"@id\":\"https:\/\/www.toometikliinik.ee\/fi\/\",\"url\":\"https:\/\/www.toometikliinik.ee\/fi\/\",\"name\":\"Kuonosta h\u00e4nn\u00e4np\u00e4\u00e4h\u00e4n\u2026 - Tiina Toometin el\u00e4inklinikka\",\"isPartOf\":{\"@id\":\"https:\/\/www.toometikliinik.ee\/#website\"},\"datePublished\":\"2019-12-03T06:47:26+00:00\",\"dateModified\":\"2019-12-03T08:35:55+00:00\",\"breadcrumb\":{\"@id\":\"https:\/\/www.toometikliinik.ee\/fi\/#breadcrumb\"},\"inLanguage\":\"fi\",\"potentialAction\":[{\"@type\":\"ReadAction\",\"target\":[\"https:\/\/www.toometikliinik.ee\/fi\/\"]}]},{\"@type\":\"BreadcrumbList\",\"@id\":\"https:\/\/www.toometikliinik.ee\/fi\/#breadcrumb\",\"itemListElement\":[{\"@type\":\"ListItem\",\"position\":1,\"name\":\"Home\",\"item\":\"https:\/\/www.toometikliinik.ee\/fi\/\"},{\"@type\":\"ListItem\",\"position\":2,\"name\":\"Kotisivu\"}]},{\"@type\":\"WebSite\",\"@id\":\"https:\/\/www.toometikliinik.ee\/#website\",\"url\":\"https:\/\/www.toometikliinik.ee\/\",\"name\":\"Tiina Toometin el\u00e4inklinikka\",\"description\":\"Kuonosta h\u00e4nn\u00e4np\u00e4\u00e4h\u00e4n\u2026\",\"potentialAction\":[{\"@type\":\"SearchAction\",\"target\":{\"@type\":\"EntryPoint\",\"urlTemplate\":\"https:\/\/www.toometikliinik.ee\/?s={search_term_string}\"},\"query-input\":{\"@type\":\"PropertyValueSpecification\",\"valueRequired\":true,\"valueName\":\"search_term_string\"}}],\"inLanguage\":\"fi\"}]}<\/script>\n<!-- \/ Yoast SEO plugin. -->","yoast_head_json":{"title":"Kuonosta h\u00e4nn\u00e4np\u00e4\u00e4h\u00e4n\u2026 - Tiina Toometin el\u00e4inklinikka","robots":{"index":"index","follow":"follow","max-snippet":"max-snippet:-1","max-image-preview":"max-image-preview:large","max-video-preview":"max-video-preview:-1"},"canonical":"https:\/\/www.toometikliinik.ee\/fi\/","og_locale":"fi_FI","og_type":"article","og_title":"Kuonosta h\u00e4nn\u00e4np\u00e4\u00e4h\u00e4n\u2026 - Tiina Toometin el\u00e4inklinikka","og_url":"https:\/\/www.toometikliinik.ee\/fi\/","og_site_name":"Tiina Toometin el\u00e4inklinikka","article_modified_time":"2019-12-03T08:35:55+00:00","twitter_card":"summary_large_image","twitter_misc":{"Arvioitu lukuaika":"8 minuuttia"},"schema":{"@context":"https:\/\/schema.org","@graph":[{"@type":"WebPage","@id":"https:\/\/www.toometikliinik.ee\/fi\/","url":"https:\/\/www.toometikliinik.ee\/fi\/","name":"Kuonosta h\u00e4nn\u00e4np\u00e4\u00e4h\u00e4n\u2026 - Tiina Toometin el\u00e4inklinikka","isPartOf":{"@id":"https:\/\/www.toometikliinik.ee\/#website"},"datePublished":"2019-12-03T06:47:26+00:00","dateModified":"2019-12-03T08:35:55+00:00","breadcrumb":{"@id":"https:\/\/www.toometikliinik.ee\/fi\/#breadcrumb"},"inLanguage":"fi","potentialAction":[{"@type":"ReadAction","target":["https:\/\/www.toometikliinik.ee\/fi\/"]}]},{"@type":"BreadcrumbList","@id":"https:\/\/www.toometikliinik.ee\/fi\/#breadcrumb","itemListElement":[{"@type":"ListItem","position":1,"name":"Home","item":"https:\/\/www.toometikliinik.ee\/fi\/"},{"@type":"ListItem","position":2,"name":"Kotisivu"}]},{"@type":"WebSite","@id":"https:\/\/www.toometikliinik.ee\/#website","url":"https:\/\/www.toometikliinik.ee\/","name":"Tiina Toometin el\u00e4inklinikka","description":"Kuonosta h\u00e4nn\u00e4np\u00e4\u00e4h\u00e4n\u2026","potentialAction":[{"@type":"SearchAction","target":{"@type":"EntryPoint","urlTemplate":"https:\/\/www.toometikliinik.ee\/?s={search_term_string}"},"query-input":{"@type":"PropertyValueSpecification","valueRequired":true,"valueName":"search_term_string"}}],"inLanguage":"fi"}]}},"_links":{"self":[{"href":"https:\/\/www.toometikliinik.ee\/fi\/wp-json\/wp\/v2\/pages\/2735","targetHints":{"allow":["GET"]}}],"collection":[{"href":"https:\/\/www.toometikliinik.ee\/fi\/wp-json\/wp\/v2\/pages"}],"about":[{"href":"https:\/\/www.toometikliinik.ee\/fi\/wp-json\/wp\/v2\/types\/page"}],"author":[{"embeddable":true,"href":"https:\/\/www.toometikliinik.ee\/fi\/wp-json\/wp\/v2\/users\/3"}],"replies":[{"embeddable":true,"href":"https:\/\/www.toometikliinik.ee\/fi\/wp-json\/wp\/v2\/comments?post=2735"}],"version-history":[{"count":5,"href":"https:\/\/www.toometikliinik.ee\/fi\/wp-json\/wp\/v2\/pages\/2735\/revisions"}],"predecessor-version":[{"id":3150,"href":"https:\/\/www.toometikliinik.ee\/fi\/wp-json\/wp\/v2\/pages\/2735\/revisions\/3150"}],"wp:attachment":[{"href":"https:\/\/www.toometikliinik.ee\/fi\/wp-json\/wp\/v2\/media?parent=2735"}],"curies":[{"name":"wp","href":"https:\/\/api.w.org\/{rel}","templated":true}]}}